{"id":9960,"date":"2026-01-20T13:15:30","date_gmt":"2026-01-20T04:15:30","guid":{"rendered":"https:\/\/e-products.entaniya.co.jp\/en\/?page_id=9960"},"modified":"2026-04-09T10:48:31","modified_gmt":"2026-04-09T01:48:31","slug":"smtsec","status":"publish","type":"page","link":"https:\/\/e-products.entaniya.co.jp\/en\/list\/cube-case\/waterproof-camera-cases-items\/smtsec\/","title":{"rendered":"Housing Set for SMTSEC Cameras"},"content":{"rendered":"\n<div style=\"height:30px\" aria-hidden=\"true\" class=\"wp-block-spacer\"><\/div>\n\n\n <div class=\"breadcrumb-container theme1\">\n\n            <ol>\n                            <\/ol>\n        <\/div>    <script type=\"application\/ld+json\">\n        {\n            \"@context\": \"http:\/\/schema.org\",\n            \"@type\": \"BreadcrumbList\",\n            \"itemListElement\": [\n                            ]\n        }\n    <\/script>\n    <style type=\"text\/css\">\n        .breadcrumb-container {\n            font-size: 13px;\n        }\n\n        .breadcrumb-container ul {\n            margin: 0;\n            padding: 0;\n        }\n\n        .breadcrumb-container li {\n            box-sizing: unset;\n            display: inline-block;\n            margin: 0;\n            padding: 0;\n        }\n\n        .breadcrumb-container li a {\n            box-sizing: unset;\n            padding: 0 10px;\n        }\n\n        .breadcrumb-container {\n                    }\n\n        .breadcrumb-container li a {\n            color: #0a0a0a !important;\n                    }\n\n        .breadcrumb-container li .separator {\n                    }\n\n        .breadcrumb-container li:last-child .separator {\n            display: none;\n        }\n    <\/style>\n    <style type=\"text\/css\">\n        .breadcrumb-container.theme1 li {\n            margin: 0;\n            padding: 0;\n        }\n        .breadcrumb-container.theme1 a {\n            background: #ffffff;\n            display: inline-block;\n            margin: 0 5px;\n            padding: 5px 10px;\n            text-decoration: none;\n        }\n    <\/style>\n        <style type=\"text\/css\">\n        .breadcrumb-container{}\r\n.breadcrumb-container ul{}\r\n.breadcrumb-container li{}\r\n.breadcrumb-container a{}\r\n.breadcrumb-container .separator{}\r\n    <\/style>\n    <script>\n            <\/script>\n\n\n\n\n<h2 class=\"wp-block-heading has-text-align-center has-x-large-font-size\">Waterproof Kit for SMTSEC Cameras<\/h2>\n\n\n\n<h2 class=\"wp-block-heading has-text-align-center\">IP67 waterproof housing for using SMTSEC cameras in outdoor and harsh environments.<\/h2>\n\n\n\n<figure class=\"wp-block-image size-full\"><img decoding=\"async\" src=\"https:\/\/e-products.entaniya.co.jp\/wordpress\/wp-content\/uploads\/2026\/03\/1200_01-3.jpg\" alt=\"\" class=\"wp-image-19828\"\/><\/figure>\n\n\n\n<div style=\"height:10px\" aria-hidden=\"true\" class=\"wp-block-spacer\"><\/div>\n\n\n\n<figure class=\"wp-block-image size-full\"><a href=\"https:\/\/e-products.entaniya.co.jp\/en\/list\/internal-cooling-system-for-waterproof-cases-and-enclosures\/heatsink-for-waterproof-cases-and-enclosures\/sealed-camera-housing-temperature-test\/\"><img loading=\"lazy\" decoding=\"async\" width=\"1200\" height=\"240\" src=\"https:\/\/e-products.entaniya.co.jp\/en\/wp-content\/uploads\/sites\/2\/2026\/03\/1200_05.jpg\" alt=\"\" class=\"wp-image-10141\" srcset=\"https:\/\/e-products.entaniya.co.jp\/en\/wp-content\/uploads\/sites\/2\/2026\/03\/1200_05.jpg 1200w, https:\/\/e-products.entaniya.co.jp\/en\/wp-content\/uploads\/sites\/2\/2026\/03\/1200_05-300x60.jpg 300w, https:\/\/e-products.entaniya.co.jp\/en\/wp-content\/uploads\/sites\/2\/2026\/03\/1200_05-1024x205.jpg 1024w, https:\/\/e-products.entaniya.co.jp\/en\/wp-content\/uploads\/sites\/2\/2026\/03\/1200_05-768x154.jpg 768w\" sizes=\"auto, (max-width: 1200px) 100vw, 1200px\" \/><\/a><\/figure>\n\n\n\n<h2 class=\"wp-block-heading has-text-align-center has-x-large-font-size\">Overview<\/h2>\n\n\n\n<h2 class=\"wp-block-heading has-large-font-size\">Ideal for outdoor monitoring, factory environments, and IoT applications.<\/h2>\n\n\n\n<p>A camera housing specifically designed and optimized for SMTSEC board cameras and USB cameras. Its precise design, tailored to the board size and lens position, ensures secure mounting and stable imaging performance. Equipped with dustproof and drip-resistant features suitable for outdoor monitoring and industrial use, it supports long-term continuous operation. From prototyping to full-scale deployment, it provides a reliable camera solution across a wide range of applications.<\/p>\n\n\n\n<div style=\"height:100px\" aria-hidden=\"true\" class=\"wp-block-spacer\"><\/div>\n\n\n\n<h2 class=\"wp-block-heading has-large-font-size\">All-in-one solution\u2014just add your camera<\/h2>\n\n\n\n<figure class=\"wp-block-image size-full\"><img loading=\"lazy\" decoding=\"async\" width=\"1200\" height=\"800\" src=\"https:\/\/e-products.entaniya.co.jp\/en\/wp-content\/uploads\/sites\/2\/2026\/01\/1200_main.jpg\" alt=\"\" class=\"wp-image-9973\" srcset=\"https:\/\/e-products.entaniya.co.jp\/en\/wp-content\/uploads\/sites\/2\/2026\/01\/1200_main.jpg 1200w, https:\/\/e-products.entaniya.co.jp\/en\/wp-content\/uploads\/sites\/2\/2026\/01\/1200_main-300x200.jpg 300w, https:\/\/e-products.entaniya.co.jp\/en\/wp-content\/uploads\/sites\/2\/2026\/01\/1200_main-1024x683.jpg 1024w, https:\/\/e-products.entaniya.co.jp\/en\/wp-content\/uploads\/sites\/2\/2026\/01\/1200_main-768x512.jpg 768w\" sizes=\"auto, (max-width: 1200px) 100vw, 1200px\" \/><\/figure>\n\n\n\n<p>This product is an all-in-one set that includes not only the camera housing itself, but also all necessary components for installation, such as a dedicated mounting plate, spacers, and a cable with a waterproof connector.<br>Simply prepare your camera, and you can proceed with assembly and installation smoothly without the need for any additional parts.<\/p>\n\n\n\n<h2 class=\"wp-block-heading\">Package Contents<\/h2>\n\n\n\n<p>Camera housing unit (includes both dome and flat windows)<br>Anti-condensation vent filter seal<br>Cable<br>Camera mounting plate and spacers<\/p>\n\n\n\n<div style=\"height:100px\" aria-hidden=\"true\" class=\"wp-block-spacer\"><\/div>\n\n\n\n<h2 class=\"wp-block-heading has-large-font-size\">IP67 Rated<\/h2>\n\n\n\n<p>Designed to meet IP67 standards, it completely prevents dust ingress and withstands temporary immersion in water, ensuring stable operation even in harsh environments such as outdoor and industrial settings.<\/p>\n\n\n\n<div style=\"height:100px\" aria-hidden=\"true\" class=\"wp-block-spacer\"><\/div>\n\n\n\n<h2 class=\"wp-block-heading has-large-font-size\">Compatible with SMTSEC Board Cameras <\/h2>\n\n\n\n<div class=\"wp-block-columns is-layout-flex wp-container-core-columns-is-layout-1 wp-block-columns-is-layout-flex\">\n<div class=\"wp-block-column is-layout-flow wp-block-column-is-layout-flow\">\n<figure class=\"wp-block-image size-full\"><img decoding=\"async\" src=\"https:\/\/e-products.entaniya.co.jp\/wordpress\/wp-content\/uploads\/2026\/01\/600_smt_001.jpg\" alt=\"\" class=\"wp-image-19001\"\/><\/figure>\n<\/div>\n\n\n\n<div class=\"wp-block-column is-layout-flow wp-block-column-is-layout-flow\">\n<figure class=\"wp-block-image size-full\"><img decoding=\"async\" src=\"https:\/\/e-products.entaniya.co.jp\/wordpress\/wp-content\/uploads\/2026\/01\/600_smt_002.jpg\" alt=\"\" class=\"wp-image-19002\"\/><\/figure>\n<\/div>\n<\/div>\n\n\n\n<p>We provide mounting plates compatible with SMTSEC board-type cameras.<br>In addition, many cameras housed in enclosures (not just bare boards) can also be installed. If you have any concerns about integration, please feel free to contact us.<\/p>\n\n\n\n<div style=\"height:100px\" aria-hidden=\"true\" class=\"wp-block-spacer\"><\/div>\n\n\n\n<h2 class=\"wp-block-heading has-text-align-center has-x-large-font-size\">Request a Quote \/ Contact Us<\/h2>\n\n\n\n<p class=\"has-small-font-size\">f you would like a quotation based on product pricing or order quantity, please contact us here.<br>We will propose the optimal configuration tailored to your specific application and requirements.<\/p>\n\n\n\n<p class=\"has-small-font-size\">For technical inquiries\u2014such as specifications, installation methods, or compatibility with supported devices\u2014please feel free to reach out as well.<br>Our specialists will support you from pre-deployment planning through to operational use.<\/p>\n\n\n\n<div class=\"wp-block-buttons is-content-justification-center is-layout-flex wp-container-core-buttons-is-layout-1 wp-block-buttons-is-layout-flex\">\n<div class=\"wp-block-button has-custom-width wp-block-button__width-50 has-custom-font-size aligncenter is-style-outline has-x-large-font-size is-style-outline--1\"><a class=\"wp-block-button__link has-white-color has-text-color has-background wp-element-button\" href=\"https:\/\/e-products.entaniya.co.jp\/en\/contact\/\" style=\"border-radius:0px;background-color:#006ba9\" target=\"_blank\" rel=\"noreferrer noopener\">Contact<\/a><\/div>\n<\/div>\n\n\n\n<div style=\"height:100px\" aria-hidden=\"true\" class=\"wp-block-spacer\"><\/div>\n\n\n\n<h2 class=\"wp-block-heading has-text-align-center has-x-large-font-size\">Use Cases<\/h2>\n\n\n\n<div class=\"wp-block-columns is-layout-flex wp-container-core-columns-is-layout-2 wp-block-columns-is-layout-flex\">\n<div class=\"wp-block-column is-layout-flow wp-block-column-is-layout-flow\">\n<figure class=\"wp-block-image size-full\"><img decoding=\"async\" src=\"https:\/\/e-products.entaniya.co.jp\/wordpress\/wp-content\/uploads\/2026\/03\/600_01-2.jpg\" alt=\"\" class=\"wp-image-19857\"\/><\/figure>\n\n\n\n<h2 class=\"wp-block-heading has-medium-font-size\">Research &amp; Development<\/h2>\n\n\n\n<p>Camera protection in experimental environments<\/p>\n<\/div>\n\n\n\n<div class=\"wp-block-column is-layout-flow wp-block-column-is-layout-flow\">\n<figure class=\"wp-block-image size-full\"><img decoding=\"async\" src=\"https:\/\/e-products.entaniya.co.jp\/wordpress\/wp-content\/uploads\/2026\/03\/600_02-1.jpg\" alt=\"\" class=\"wp-image-19858\"\/><\/figure>\n\n\n\n<h2 class=\"wp-block-heading has-medium-font-size\">River Monitoring<\/h2>\n\n\n\n<p>Monitoring changes in river conditions<\/p>\n<\/div>\n<\/div>\n\n\n\n<div class=\"wp-block-columns is-layout-flex wp-container-core-columns-is-layout-3 wp-block-columns-is-layout-flex\">\n<div class=\"wp-block-column is-layout-flow wp-block-column-is-layout-flow\">\n<figure class=\"wp-block-image size-full\"><img decoding=\"async\" src=\"https:\/\/e-products.entaniya.co.jp\/wordpress\/wp-content\/uploads\/2026\/03\/600_03-1.jpg\" alt=\"\" class=\"wp-image-19859\"\/><\/figure>\n\n\n\n<h2 class=\"wp-block-heading has-medium-font-size\">Factory Facility Monitoring<\/h2>\n\n\n\n<p>Designed for environments with splashes and airborne dust<\/p>\n<\/div>\n\n\n\n<div class=\"wp-block-column is-layout-flow wp-block-column-is-layout-flow\">\n<figure class=\"wp-block-image size-full\"><img decoding=\"async\" src=\"https:\/\/e-products.entaniya.co.jp\/wordpress\/wp-content\/uploads\/2026\/03\/600_04-1.jpg\" alt=\"\" class=\"wp-image-19860\"\/><\/figure>\n\n\n\n<h2 class=\"wp-block-heading has-medium-font-size\">Agricultural IoT<\/h2>\n\n\n\n<p>Long-term operation in greenhouses and outdoor environments<\/p>\n<\/div>\n<\/div>\n\n\n\n<div style=\"height:100px\" aria-hidden=\"true\" class=\"wp-block-spacer\"><\/div>\n\n\n\n<h2 class=\"wp-block-heading has-text-align-center has-x-large-font-size\">Product Configuration<\/h2>\n\n\n\n<h2 class=\"wp-block-heading has-large-font-size\">Selection Guide<\/h2>\n\n\n\n<h2 class=\"wp-block-heading\">Size Selection<\/h2>\n\n\n\n<figure class=\"wp-block-table\"><table class=\"has-fixed-layout\"><tbody><tr><td>Dimensions<\/td><td>\u30b5\u30a4\u30ba100<br>Size 100<br>100 \u00d7 100 \u00d7 75 mm<br>Size 80<br>80 \u00d7 80 \u00d7 60 mm<\/td><\/tr><\/tbody><\/table><\/figure>\n\n\n\n<p><strong>Size 100<\/strong><br> Suitable for applications requiring interchangeable lenses, larger lenses, or integration of additional devices such as various sensors.<\/p>\n\n\n\n<p><strong>Size 80<\/strong><br>A compact size ideal for use with a standard camera module alone. Best suited for simple configurations and installations.<\/p>\n\n\n\n<h2 class=\"wp-block-heading\">Window Type<\/h2>\n\n\n\n<p><strong>Flat<\/strong><br>A flat window type designed for capturing clear images with minimal distortion.<\/p>\n\n\n\n<p><strong>Dome<\/strong><br>A dome-shaped window ideal for wide-angle lenses, providing a broader field of view.<\/p>\n\n\n\n<h2 class=\"wp-block-heading\">Cable Position<\/h2>\n\n\n\n<figure class=\"wp-block-image size-full\"><img loading=\"lazy\" decoding=\"async\" width=\"1200\" height=\"600\" src=\"https:\/\/e-products.entaniya.co.jp\/en\/wp-content\/uploads\/sites\/2\/2026\/03\/1200_nuki-_en-1.jpg\" alt=\"\" class=\"wp-image-10149\" srcset=\"https:\/\/e-products.entaniya.co.jp\/en\/wp-content\/uploads\/sites\/2\/2026\/03\/1200_nuki-_en-1.jpg 1200w, https:\/\/e-products.entaniya.co.jp\/en\/wp-content\/uploads\/sites\/2\/2026\/03\/1200_nuki-_en-1-300x150.jpg 300w, https:\/\/e-products.entaniya.co.jp\/en\/wp-content\/uploads\/sites\/2\/2026\/03\/1200_nuki-_en-1-1024x512.jpg 1024w, https:\/\/e-products.entaniya.co.jp\/en\/wp-content\/uploads\/sites\/2\/2026\/03\/1200_nuki-_en-1-768x384.jpg 768w\" sizes=\"auto, (max-width: 1200px) 100vw, 1200px\" \/><\/figure>\n\n\n\n<p>You can choose the cable outlet position according to your application and installation method.<\/p>\n\n\n\n<div style=\"height:100px\" aria-hidden=\"true\" class=\"wp-block-spacer\"><\/div>\n\n\n\n<h2 class=\"wp-block-heading has-text-align-left has-large-font-size\">Q &amp; A<\/h2>\n\n\n\n<p><strong>Q. Can it really be used outdoors?<\/strong><br>A. Yes. It has passed IP67 testing and can be used outdoors without issues.<br>It is made from highly weather-resistant ASA resin and acrylic.<br><br><strong>Q. Which SMTSEC cameras are supported?<\/strong><br>A. We will provide a mounting plate according to the size of the camera board.<br>Please feel free to contact us for further assistance.<br><br><strong>Q. Is condensation prevention necessary?<\/strong><br>A. Condensation can be prevented using the included breathable vent filter.<br><br><strong>Q. Can it be used for long periods?<\/strong><br>A. Yes. It uses highly weather-resistant ASA resin and acrylic, making it suitable for long-term use.<br><br><strong>Q. Are there mounting parts available for installation?<\/strong><br>A. Yes. Stainless steel brackets and hoods suitable for outdoor installation are available.<\/p>\n\n\n\n<div style=\"height:100px\" aria-hidden=\"true\" class=\"wp-block-spacer\"><\/div>\n\n\n\n<h2 class=\"wp-block-heading has-text-align-left has-large-font-size\">Download Materials<\/h2>\n\n\n\n<div class=\"wp-block-columns is-layout-flex wp-container-core-columns-is-layout-4 wp-block-columns-is-layout-flex\">\n<div class=\"wp-block-column is-layout-flow wp-block-column-is-layout-flow\">\n<div class=\"wp-block-buttons is-layout-flex wp-block-buttons-is-layout-flex\">\n<div class=\"wp-block-button has-custom-width wp-block-button__width-100\"><a class=\"wp-block-button__link wp-element-button\" href=\"https:\/\/e-products.entaniya.co.jp\/wordpress\/wp-content\/uploads\/2026\/03\/camearhousing_cad.zip\" style=\"border-radius:0px\">CAD<\/a><\/div>\n<\/div>\n<\/div>\n\n\n\n<div class=\"wp-block-column is-layout-flow wp-block-column-is-layout-flow\"><\/div>\n<\/div>\n\n\n\n<div style=\"height:200px\" aria-hidden=\"true\" class=\"wp-block-spacer\"><\/div>\n\n\n\n<h2 class=\"wp-block-heading has-text-align-left has-large-font-size\">Accessories<\/h2>\n\n\n\n<div class=\"wp-block-columns is-layout-flex wp-container-core-columns-is-layout-5 wp-block-columns-is-layout-flex\">\n<div class=\"wp-block-column is-layout-flow wp-block-column-is-layout-flow\">\n<figure class=\"wp-block-image size-full\"><a href=\"https:\/\/e-products.entaniya.co.jp\/en\/list\/cube-case\/waterproof-camera-cases-items\/mounting-bracket-for-waterproof-camera-case\/\"><img loading=\"lazy\" decoding=\"async\" width=\"800\" height=\"800\" src=\"https:\/\/e-products.entaniya.co.jp\/en\/wp-content\/uploads\/sites\/2\/2024\/11\/bracket_800-1.jpg\" alt=\"\" class=\"wp-image-6528\" srcset=\"https:\/\/e-products.entaniya.co.jp\/en\/wp-content\/uploads\/sites\/2\/2024\/11\/bracket_800-1.jpg 800w, https:\/\/e-products.entaniya.co.jp\/en\/wp-content\/uploads\/sites\/2\/2024\/11\/bracket_800-1-300x300.jpg 300w, https:\/\/e-products.entaniya.co.jp\/en\/wp-content\/uploads\/sites\/2\/2024\/11\/bracket_800-1-150x150.jpg 150w, https:\/\/e-products.entaniya.co.jp\/en\/wp-content\/uploads\/sites\/2\/2024\/11\/bracket_800-1-768x768.jpg 768w, https:\/\/e-products.entaniya.co.jp\/en\/wp-content\/uploads\/sites\/2\/2024\/11\/bracket_800-1-500x500.jpg 500w\" sizes=\"auto, (max-width: 800px) 100vw, 800px\" \/><\/a><\/figure>\n\n\n\n<p class=\"has-text-align-center has-small-font-size\"><a href=\"https:\/\/e-products.entaniya.co.jp\/en\/list\/cube-case\/waterproof-camera-cases-items\/mounting-bracket-for-waterproof-camera-case\/\">Mounting Brackets<\/a><\/p>\n<\/div>\n\n\n\n<div class=\"wp-block-column is-layout-flow wp-block-column-is-layout-flow\">\n<figure class=\"wp-block-image size-full\"><a href=\"https:\/\/e-products.entaniya.co.jp\/en\/list\/cube-case\/waterproof-camera-cases-items\/roof-for-waterproof-camera-case\/\"><img loading=\"lazy\" decoding=\"async\" width=\"800\" height=\"800\" src=\"https:\/\/e-products.entaniya.co.jp\/en\/wp-content\/uploads\/sites\/2\/2024\/09\/loof_100_01-1.jpg\" alt=\"\" class=\"wp-image-6388\" srcset=\"https:\/\/e-products.entaniya.co.jp\/en\/wp-content\/uploads\/sites\/2\/2024\/09\/loof_100_01-1.jpg 800w, https:\/\/e-products.entaniya.co.jp\/en\/wp-content\/uploads\/sites\/2\/2024\/09\/loof_100_01-1-300x300.jpg 300w, https:\/\/e-products.entaniya.co.jp\/en\/wp-content\/uploads\/sites\/2\/2024\/09\/loof_100_01-1-150x150.jpg 150w, https:\/\/e-products.entaniya.co.jp\/en\/wp-content\/uploads\/sites\/2\/2024\/09\/loof_100_01-1-768x768.jpg 768w, https:\/\/e-products.entaniya.co.jp\/en\/wp-content\/uploads\/sites\/2\/2024\/09\/loof_100_01-1-500x500.jpg 500w\" sizes=\"auto, (max-width: 800px) 100vw, 800px\" \/><\/a><\/figure>\n\n\n\n<p class=\"has-text-align-center has-small-font-size\"><a href=\"https:\/\/e-products.entaniya.co.jp\/en\/list\/cube-case\/waterproof-camera-cases-items\/roof-for-waterproof-camera-case\/\">Roof<\/a><\/p>\n<\/div>\n\n\n\n<div class=\"wp-block-column is-layout-flow wp-block-column-is-layout-flow\">\n<figure class=\"wp-block-image size-full\"><a href=\"https:\/\/e-products.entaniya.co.jp\/en\/list\/installation\/brackets\/two-axis-bracket-for-camera-case\/\"><img loading=\"lazy\" decoding=\"async\" width=\"800\" height=\"800\" src=\"https:\/\/e-products.entaniya.co.jp\/en\/wp-content\/uploads\/sites\/2\/2024\/09\/camerabracket.jpg\" alt=\"\" class=\"wp-image-6389\" srcset=\"https:\/\/e-products.entaniya.co.jp\/en\/wp-content\/uploads\/sites\/2\/2024\/09\/camerabracket.jpg 800w, https:\/\/e-products.entaniya.co.jp\/en\/wp-content\/uploads\/sites\/2\/2024\/09\/camerabracket-300x300.jpg 300w, https:\/\/e-products.entaniya.co.jp\/en\/wp-content\/uploads\/sites\/2\/2024\/09\/camerabracket-150x150.jpg 150w, https:\/\/e-products.entaniya.co.jp\/en\/wp-content\/uploads\/sites\/2\/2024\/09\/camerabracket-768x768.jpg 768w, https:\/\/e-products.entaniya.co.jp\/en\/wp-content\/uploads\/sites\/2\/2024\/09\/camerabracket-500x500.jpg 500w\" sizes=\"auto, (max-width: 800px) 100vw, 800px\" \/><\/a><\/figure>\n\n\n\n<p class=\"has-text-align-center has-small-font-size\"><a href=\"https:\/\/e-products.entaniya.co.jp\/en\/list\/installation\/brackets\/two-axis-bracket-for-camera-case\/\">Bracket<\/a><\/p>\n<\/div>\n\n\n\n<div class=\"wp-block-column is-layout-flow wp-block-column-is-layout-flow\">\n<figure class=\"wp-block-image size-full\"><a href=\"https:\/\/e-products.entaniya.co.jp\/en\/list\/cube-case\/waterproof-camera-cases-items\/cable-for-use-inside-camera-housing\/\"><img loading=\"lazy\" decoding=\"async\" width=\"800\" height=\"800\" src=\"https:\/\/e-products.entaniya.co.jp\/en\/wp-content\/uploads\/sites\/2\/2025\/11\/800_cable.jpg\" alt=\"\" class=\"wp-image-9831\" srcset=\"https:\/\/e-products.entaniya.co.jp\/en\/wp-content\/uploads\/sites\/2\/2025\/11\/800_cable.jpg 800w, https:\/\/e-products.entaniya.co.jp\/en\/wp-content\/uploads\/sites\/2\/2025\/11\/800_cable-300x300.jpg 300w, https:\/\/e-products.entaniya.co.jp\/en\/wp-content\/uploads\/sites\/2\/2025\/11\/800_cable-150x150.jpg 150w, https:\/\/e-products.entaniya.co.jp\/en\/wp-content\/uploads\/sites\/2\/2025\/11\/800_cable-768x768.jpg 768w, https:\/\/e-products.entaniya.co.jp\/en\/wp-content\/uploads\/sites\/2\/2025\/11\/800_cable-500x500.jpg 500w\" sizes=\"auto, (max-width: 800px) 100vw, 800px\" \/><\/a><\/figure>\n\n\n\n<p class=\"has-text-align-center has-small-font-size\"><a href=\"https:\/\/e-products.entaniya.co.jp\/en\/list\/cube-case\/waterproof-camera-cases-items\/cable-for-use-inside-camera-housing\/\">Cable for use inside housing<\/a><\/p>\n<\/div>\n<\/div>\n\n\n\n<div class=\"wp-block-columns is-layout-flex wp-container-core-columns-is-layout-6 wp-block-columns-is-layout-flex\">\n<div class=\"wp-block-column is-layout-flow wp-block-column-is-layout-flow\">\n<figure class=\"wp-block-image size-full\"><img loading=\"lazy\" decoding=\"async\" width=\"800\" height=\"800\" src=\"https:\/\/e-products.entaniya.co.jp\/en\/wp-content\/uploads\/sites\/2\/2026\/02\/800_01.jpg\" alt=\"\" class=\"wp-image-10055\" srcset=\"https:\/\/e-products.entaniya.co.jp\/en\/wp-content\/uploads\/sites\/2\/2026\/02\/800_01.jpg 800w, https:\/\/e-products.entaniya.co.jp\/en\/wp-content\/uploads\/sites\/2\/2026\/02\/800_01-300x300.jpg 300w, https:\/\/e-products.entaniya.co.jp\/en\/wp-content\/uploads\/sites\/2\/2026\/02\/800_01-150x150.jpg 150w, https:\/\/e-products.entaniya.co.jp\/en\/wp-content\/uploads\/sites\/2\/2026\/02\/800_01-768x768.jpg 768w, https:\/\/e-products.entaniya.co.jp\/en\/wp-content\/uploads\/sites\/2\/2026\/02\/800_01-500x500.jpg 500w\" sizes=\"auto, (max-width: 800px) 100vw, 800px\" \/><\/figure>\n\n\n\n<p class=\"has-text-align-center has-small-font-size\"><a href=\"https:\/\/e-products.entaniya.co.jp\/en\/list\/cube-case\/waterproof-camera-cases-items\/camera-housing-cooling-system\/\">Cooling System<\/a><\/p>\n<\/div>\n\n\n\n<div class=\"wp-block-column is-layout-flow wp-block-column-is-layout-flow\"><\/div>\n\n\n\n<div class=\"wp-block-column is-layout-flow wp-block-column-is-layout-flow\"><\/div>\n\n\n\n<div class=\"wp-block-column is-layout-flow wp-block-column-is-layout-flow\"><\/div>\n<\/div>\n\n\n\n<div style=\"height:100px\" aria-hidden=\"true\" class=\"wp-block-spacer\"><\/div>\n\n\n\n<figure class=\"wp-block-image size-full\"><a href=\"https:\/\/e-products.entaniya.co.jp\/en\/list\/internal-cooling-system-for-waterproof-cases-and-enclosures\/heatsink-for-waterproof-cases-and-enclosures\/sealed-camera-housing-temperature-test\/\"><img loading=\"lazy\" decoding=\"async\" width=\"1200\" height=\"240\" src=\"https:\/\/e-products.entaniya.co.jp\/en\/wp-content\/uploads\/sites\/2\/2026\/03\/1200_05.jpg\" alt=\"\" class=\"wp-image-10141\" srcset=\"https:\/\/e-products.entaniya.co.jp\/en\/wp-content\/uploads\/sites\/2\/2026\/03\/1200_05.jpg 1200w, https:\/\/e-products.entaniya.co.jp\/en\/wp-content\/uploads\/sites\/2\/2026\/03\/1200_05-300x60.jpg 300w, https:\/\/e-products.entaniya.co.jp\/en\/wp-content\/uploads\/sites\/2\/2026\/03\/1200_05-1024x205.jpg 1024w, https:\/\/e-products.entaniya.co.jp\/en\/wp-content\/uploads\/sites\/2\/2026\/03\/1200_05-768x154.jpg 768w\" sizes=\"auto, (max-width: 1200px) 100vw, 1200px\" \/><\/a><\/figure>\n\n\n\n<div style=\"height:100px\" aria-hidden=\"true\" class=\"wp-block-spacer\"><\/div>\n\n\n\n<h2 class=\"wp-block-heading has-text-align-left has-large-font-size\">Custom mounting plates available<\/h2>\n\n\n\n<p>Depending on the camera module, installation may not be possible due to differences in PCB size. However, if you can provide the PCB dimensions of the camera you plan to use, we can manufacture a custom mounting plate to accommodate it.<br>Please feel free to contact us for further details.<\/p>\n\n\n\n<div style=\"height:100px\" aria-hidden=\"true\" class=\"wp-block-spacer\"><\/div>\n\n\n\n<h2 class=\"wp-block-heading has-text-align-center has-x-large-font-size\">Request a Quote \/ Contact Us<\/h2>\n\n\n\n<p class=\"has-small-font-size\">f you would like a quotation based on product pricing or order quantity, please contact us here.<br>We will propose the optimal configuration tailored to your specific application and requirements.<\/p>\n\n\n\n<p class=\"has-small-font-size\">For technical inquiries\u2014such as specifications, installation methods, or compatibility with supported devices\u2014please feel free to reach out as well.<br>Our specialists will support you from pre-deployment planning through to operational use.<\/p>\n\n\n\n<div class=\"wp-block-buttons is-content-justification-center is-layout-flex wp-container-core-buttons-is-layout-3 wp-block-buttons-is-layout-flex\">\n<div class=\"wp-block-button has-custom-width wp-block-button__width-50 has-custom-font-size aligncenter is-style-outline has-x-large-font-size is-style-outline--2\"><a class=\"wp-block-button__link has-white-color has-text-color has-background wp-element-button\" href=\"https:\/\/e-products.entaniya.co.jp\/en\/contact\/\" style=\"border-radius:0px;background-color:#006ba9\" target=\"_blank\" rel=\"noreferrer noopener\">Contact<\/a><\/div>\n<\/div>\n\n\n\n<p><\/p>\n","protected":false},"excerpt":{"rendered":"Waterproof Kit for SMTSEC Cameras IP67 waterproof housing for using SMTSEC cameras in outdoor and harsh environments. Overview Ideal for outdoor monitoring, factory environments, and IoT applications. A camera housing specifically designed and optimized for SMTSEC board cameras and USB cameras. Its precise design, tailored to the board size and lens position, ensures secure mounting [&hellip;]","protected":false},"author":1,"featured_media":0,"parent":6526,"menu_order":0,"comment_status":"closed","ping_status":"closed","template":"","meta":{"footnotes":""},"class_list":["post-9960","page","type-page","status-publish","hentry"],"_links":{"self":[{"href":"https:\/\/e-products.entaniya.co.jp\/en\/wp-json\/wp\/v2\/pages\/9960","targetHints":{"allow":["GET"]}}],"collection":[{"href":"https:\/\/e-products.entaniya.co.jp\/en\/wp-json\/wp\/v2\/pages"}],"about":[{"href":"https:\/\/e-products.entaniya.co.jp\/en\/wp-json\/wp\/v2\/types\/page"}],"author":[{"embeddable":true,"href":"https:\/\/e-products.entaniya.co.jp\/en\/wp-json\/wp\/v2\/users\/1"}],"replies":[{"embeddable":true,"href":"https:\/\/e-products.entaniya.co.jp\/en\/wp-json\/wp\/v2\/comments?post=9960"}],"version-history":[{"count":0,"href":"https:\/\/e-products.entaniya.co.jp\/en\/wp-json\/wp\/v2\/pages\/9960\/revisions"}],"up":[{"embeddable":true,"href":"https:\/\/e-products.entaniya.co.jp\/en\/wp-json\/wp\/v2\/pages\/6526"}],"wp:attachment":[{"href":"https:\/\/e-products.entaniya.co.jp\/en\/wp-json\/wp\/v2\/media?parent=9960"}],"curies":[{"name":"wp","href":"https:\/\/api.w.org\/{rel}","templated":true}]}}